{"id":78,"date":"2026-02-19T14:32:18","date_gmt":"2026-02-19T13:32:18","guid":{"rendered":"https:\/\/staging.larkom.dk\/?page_id=78"},"modified":"2026-02-23T13:46:17","modified_gmt":"2026-02-23T12:46:17","slug":"levering-af-traeer","status":"publish","type":"page","link":"https:\/\/staging.larkom.dk\/index.php\/levering-af-traeer\/","title":{"rendered":"Levering af tr\u00e6er"},"content":{"rendered":"\t\t<div data-elementor-type=\"wp-page\" data-elementor-id=\"78\" class=\"elementor elementor-78\" data-elementor-post-type=\"page\">\n\t\t\t\t<div class=\"elementor-element elementor-element-606fe326 e-flex e-con-boxed e-con e-parent\" data-id=\"606fe326\" data-element_type=\"container\" data-e-type=\"container\">\n\t\t\t\t\t<div class=\"e-con-inner\">\n\t\t\t\t<div class=\"elementor-element elementor-element-25fea386 elementor-widget elementor-widget-heading\" data-id=\"25fea386\" data-element_type=\"widget\" data-e-type=\"widget\" data-widget_type=\"heading.default\">\n\t\t\t\t\t<h1 class=\"elementor-heading-title elementor-size-default\">Levering af af tr\u00e6er<\/h1>\t\t\t\t<\/div>\n\t\t\t\t\t<\/div>\n\t\t\t\t<\/div>\n\t\t<div class=\"elementor-element elementor-element-4c929129 e-flex e-con-boxed e-con e-parent\" data-id=\"4c929129\" data-element_type=\"container\" data-e-type=\"container\">\n\t\t\t\t\t<div class=\"e-con-inner\">\n\t\t<div class=\"elementor-element elementor-element-2c5a76c3 e-grid e-con-full e-con e-child\" data-id=\"2c5a76c3\" data-element_type=\"container\" data-e-type=\"container\">\n\t\t<div class=\"elementor-element elementor-element-4d419c44 e-con-full e-flex e-con e-child\" data-id=\"4d419c44\" data-element_type=\"container\" data-e-type=\"container\">\n\t\t\t\t<div class=\"elementor-element elementor-element-3cc01c05 elementor-widget elementor-widget-text-editor\" data-id=\"3cc01c05\" data-element_type=\"widget\" data-e-type=\"widget\" data-widget_type=\"text-editor.default\">\n\t\t\t\t\t\t\t\t\t<div class=\"column step-3-12\"><div id=\"site-container-2497\" class=\"Container ModuleElement Textarea AutoResizable con-92 \" data-snap=\"1\" data-containertype=\"Textarea\" data-moduleelement=\"1240\"><div class=\"Module-1240 Textarea\"><h4><strong>Levering af planter<\/strong><\/h4><ul><li>Planterne bliver leveret p\u00e5 den aftalte adresse.<\/li><li>Kunden s\u00f8rger selv for afl\u00e6sning af planter.<\/li><li>Man skal kvalitetssikre at alle planter er leveret.<\/li><li>Transportskader skal anmeldes f\u00f8r afl\u00e6sningen af planterne.<\/li><li>Reklamation skal afleveres til Top Kompany samme dag med billede dokumentation.<\/li><\/ul><p>\u200b<\/p><p>Kunden er ansvarlig for alle planterne, efter afl\u00e6sningen fra transporten.<\/p><h4><strong>Reklamation<\/strong><\/h4><p>Hvis planterne skulle g\u00e5 ud eller mistrives, skal der foreligge en dokumenteret plantevejledning og vedligeholdelsesplan, der kan vise perioden fra leveringen af planterne til tidspunktet hvor planten er g\u00e5et ud. Reklamationen tages med planteskolerne.<\/p><p>Kvalitetssikringen skal indeholde f\u00f8lgende punkter:<\/p><ul><li>Beskrivelse af opbygning af plantehuller.<\/li><li>Beskrivelse af jorden planterne er plantet i.<\/li><li>Kvalitetssikring med billeder samt f\u00f8lgesedler p\u00e5 levering af jord.<\/li><li>Freml\u00e6ggelse af vedligeholdelsesplan.<\/li><li>Dokumentation for at vedligeholdelsesplanen er overholdt.<\/li><li>Vandings dokumentation.<\/li><\/ul><p>\u00a0<\/p><h4><strong>Kvalitetssikring<\/strong><\/h4><p>KS system kan bestilles og k\u00f8bes hos os til implementering i virksomheden. <em><span style=\"text-decoration: underline;\"><a href=\"http:\/\/tockompany.dk\/kvalitetssikring\" target=\"_blank\" rel=\"noopener\">Se n\u00e6rmere om kvalitetssikring<\/a>.<\/span><\/em><br \/><em><span style=\"text-decoration: underline;\">\u200b<\/span><\/em><\/p><h4><strong>Afl\u00e6snings tip<\/strong><\/h4><p>Ofte bruger man en st\u00f8rre gravemaskine til at afl\u00e6sse tr\u00e6erne fra toppen af lastbilens tag. Man kan ogs\u00e5 brugen en kran grab lastbil, truck eller anden form for l\u00e6ssemaskine til paller m.m.<br \/><br \/>Specielt afl\u00e6snings v\u00e6rkt\u00f8j kan k\u00f8bes hos os.<\/p><p>\u200b<\/p><\/div><\/div><\/div>\t\t\t\t\t\t\t\t<\/div>\n\t\t\t\t<div class=\"elementor-element elementor-element-18d4789a elementor-widget elementor-widget-image\" data-id=\"18d4789a\" data-element_type=\"widget\" data-e-type=\"widget\" data-widget_type=\"image.default\">\n\t\t\t\t\t\t\t\t\t\t\t\t\t\t\t<img fetchpriority=\"high\" decoding=\"async\" width=\"690\" height=\"518\" src=\"https:\/\/staging.larkom.dk\/wp-content\/uploads\/2026\/02\/transport-af-traeer_297_272.jpg\" class=\"attachment-large size-large wp-image-81\" alt=\"\" srcset=\"https:\/\/staging.larkom.dk\/wp-content\/uploads\/2026\/02\/transport-af-traeer_297_272.jpg 690w, https:\/\/staging.larkom.dk\/wp-content\/uploads\/2026\/02\/transport-af-traeer_297_272-300x225.jpg 300w\" sizes=\"(max-width: 690px) 100vw, 690px\" \/>\t\t\t\t\t\t\t\t\t\t\t\t\t\t\t<\/div>\n\t\t\t\t<\/div>\n\t\t<div class=\"elementor-element elementor-element-db73ae2 e-con-full e-flex e-con e-child\" data-id=\"db73ae2\" data-element_type=\"container\" data-e-type=\"container\">\n\t\t<div class=\"elementor-element elementor-element-ac8e969 e-con-full e-flex e-con e-child\" data-id=\"ac8e969\" data-element_type=\"container\" data-e-type=\"container\" data-settings=\"{&quot;background_background&quot;:&quot;classic&quot;}\">\n\t\t\t\t<div class=\"elementor-element elementor-element-e5411b5 elementor-widget elementor-widget-heading\" data-id=\"e5411b5\" data-element_type=\"widget\" data-e-type=\"widget\" data-widget_type=\"heading.default\">\n\t\t\t\t\t<h2 class=\"elementor-heading-title elementor-size-default\">HAR DU SP\u00d8RGSM\u00c5L?<\/h2>\t\t\t\t<\/div>\n\t\t\t\t<div class=\"elementor-element elementor-element-eab57d6 elementor-widget elementor-widget-text-editor\" data-id=\"eab57d6\" data-element_type=\"widget\" data-e-type=\"widget\" data-widget_type=\"text-editor.default\">\n\t\t\t\t\t\t\t\t\t<div class=\"column step-3-12\"><div id=\"site-container-2501\" class=\"Container ModuleElement Textarea con-97 \" data-snap=\"1\" data-containertype=\"Textarea\" data-moduleelement=\"1242\"><div class=\"Module-1242 Textarea\"><p class=\"custom26 custom32\">\u200b\u200bFandt du ikke information om det du s\u00f8gte p\u00e5 vores hjemmeside, eller \u00f8nsker du yderligere oplysninger, kan du udfylde kontaktformularen nedenunder.<\/p><p class=\"custom26 custom32\">Vi vil derefter tage kontakt til dig og bruge vores mange \u00e5rs erfaring til at hj\u00e6lpe dig videre.<\/p><\/div><\/div><\/div>\t\t\t\t\t\t\t\t<\/div>\n\t\t\t\t<div class=\"elementor-element elementor-element-2b2e179 elementor-button-align-stretch elementor-widget elementor-widget-form\" data-id=\"2b2e179\" data-element_type=\"widget\" data-e-type=\"widget\" data-settings=\"{&quot;step_next_label&quot;:&quot;Next&quot;,&quot;step_previous_label&quot;:&quot;Previous&quot;,&quot;button_width&quot;:&quot;100&quot;,&quot;step_type&quot;:&quot;number_text&quot;,&quot;step_icon_shape&quot;:&quot;circle&quot;}\" data-widget_type=\"form.default\">\n\t\t\t\t\t\t\t<form class=\"elementor-form\" method=\"post\" name=\"Tree-broker\">\n\t\t\t<input type=\"hidden\" name=\"post_id\" value=\"78\"\/>\n\t\t\t<input type=\"hidden\" name=\"form_id\" value=\"2b2e179\"\/>\n\t\t\t<input type=\"hidden\" name=\"referer_title\" value=\"Levering af tr\u00e6er\" \/>\n\n\t\t\t\t\t\t\t<input type=\"hidden\" name=\"queried_id\" value=\"78\"\/>\n\t\t\t\n\t\t\t<div class=\"elementor-form-fields-wrapper elementor-labels-\">\n\t\t\t\t\t\t\t\t<div class=\"elementor-field-type-text elementor-field-group elementor-column elementor-field-group-name elementor-col-100\">\n\t\t\t\t\t\t\t\t\t\t\t\t<label for=\"form-field-name\" class=\"elementor-field-label elementor-screen-only\">\n\t\t\t\t\t\t\t\tName\t\t\t\t\t\t\t<\/label>\n\t\t\t\t\t\t\t\t\t\t\t\t\t\t<input size=\"1\" type=\"text\" name=\"form_fields[name]\" id=\"form-field-name\" class=\"elementor-field elementor-size-xs  elementor-field-textual\" placeholder=\"Navn\">\n\t\t\t\t\t\t\t\t\t\t\t<\/div>\n\t\t\t\t\t\t\t\t<div class=\"elementor-field-type-tel elementor-field-group elementor-column elementor-field-group-email elementor-col-100 elementor-field-required\">\n\t\t\t\t\t\t\t\t\t\t\t\t<label for=\"form-field-email\" class=\"elementor-field-label elementor-screen-only\">\n\t\t\t\t\t\t\t\tTelefon\t\t\t\t\t\t\t<\/label>\n\t\t\t\t\t\t\t\t<input size=\"1\" type=\"tel\" name=\"form_fields[email]\" id=\"form-field-email\" class=\"elementor-field elementor-size-xs  elementor-field-textual\" placeholder=\"Telefon\" required=\"required\" pattern=\"[0-9()#&amp;+*-=.]+\" title=\"Kun tal og telefonkarakterer (#,-,*, o.s.v.) accepteres.\">\n\n\t\t\t\t\t\t<\/div>\n\t\t\t\t\t\t\t\t<div class=\"elementor-field-type-email elementor-field-group elementor-column elementor-field-group-field_fa95a6f elementor-col-100 elementor-field-required\">\n\t\t\t\t\t\t\t\t\t\t\t\t<label for=\"form-field-field_fa95a6f\" class=\"elementor-field-label elementor-screen-only\">\n\t\t\t\t\t\t\t\tEmail\t\t\t\t\t\t\t<\/label>\n\t\t\t\t\t\t\t\t\t\t\t\t\t\t<input size=\"1\" type=\"email\" name=\"form_fields[field_fa95a6f]\" id=\"form-field-field_fa95a6f\" class=\"elementor-field elementor-size-xs  elementor-field-textual\" placeholder=\"E-mail\" required=\"required\">\n\t\t\t\t\t\t\t\t\t\t\t<\/div>\n\t\t\t\t\t\t\t\t<div class=\"elementor-field-type-text\">\n\t\t\t\t\t<input size=\"1\" type=\"text\" name=\"form_fields[field_73d1949]\" id=\"form-field-field_73d1949\" class=\"elementor-field elementor-size-xs \" style=\"display:none !important;\">\t\t\t\t<\/div>\n\t\t\t\t\t\t\t\t<div class=\"elementor-field-type-textarea elementor-field-group elementor-column elementor-field-group-message elementor-col-100\">\n\t\t\t\t\t\t\t\t\t\t\t\t<label for=\"form-field-message\" class=\"elementor-field-label elementor-screen-only\">\n\t\t\t\t\t\t\t\tMessage\t\t\t\t\t\t\t<\/label>\n\t\t\t\t\t\t<textarea class=\"elementor-field-textual elementor-field  elementor-size-xs\" name=\"form_fields[message]\" id=\"form-field-message\" rows=\"4\" placeholder=\"Besked\"><\/textarea>\t\t\t\t<\/div>\n\t\t\t\t\t\t\t\t<div class=\"elementor-field-group elementor-column elementor-field-type-submit elementor-col-100 e-form__buttons\">\n\t\t\t\t\t<button class=\"elementor-button elementor-size-sm\" type=\"submit\">\n\t\t\t\t\t\t<span class=\"elementor-button-content-wrapper\">\n\t\t\t\t\t\t\t\t\t\t\t\t\t\t\t\t\t\t\t\t\t\t<span class=\"elementor-button-text\">Send besked<\/span>\n\t\t\t\t\t\t\t\t\t\t\t\t\t<\/span>\n\t\t\t\t\t<\/button>\n\t\t\t\t<\/div>\n\t\t\t<\/div>\n\t\t<\/form>\n\t\t\t\t\t\t<\/div>\n\t\t\t\t<\/div>\n\t\t\t\t<\/div>\n\t\t\t\t<\/div>\n\t\t\t\t\t<\/div>\n\t\t\t\t<\/div>\n\t\t\t\t<\/div>\n\t\t","protected":false},"excerpt":{"rendered":"<p>Levering af af tr\u00e6er Levering af planter Planterne bliver leveret p\u00e5 den aftalte adresse. Kunden s\u00f8rger selv for afl\u00e6sning af planter. Man skal kvalitetssikre at alle planter er leveret. Transportskader skal anmeldes f\u00f8r afl\u00e6sningen af planterne. Reklamation skal afleveres til Top Kompany samme dag med billede dokumentation. \u200b Kunden er ansvarlig for alle planterne, efter [&hellip;]<\/p>\n","protected":false},"author":2,"featured_media":0,"parent":0,"menu_order":0,"comment_status":"closed","ping_status":"closed","template":"elementor_header_footer","meta":{"footnotes":""},"class_list":["post-78","page","type-page","status-publish","hentry"],"_links":{"self":[{"href":"https:\/\/staging.larkom.dk\/index.php\/wp-json\/wp\/v2\/pages\/78","targetHints":{"allow":["GET"]}}],"collection":[{"href":"https:\/\/staging.larkom.dk\/index.php\/wp-json\/wp\/v2\/pages"}],"about":[{"href":"https:\/\/staging.larkom.dk\/index.php\/wp-json\/wp\/v2\/types\/page"}],"author":[{"embeddable":true,"href":"https:\/\/staging.larkom.dk\/index.php\/wp-json\/wp\/v2\/users\/2"}],"replies":[{"embeddable":true,"href":"https:\/\/staging.larkom.dk\/index.php\/wp-json\/wp\/v2\/comments?post=78"}],"version-history":[{"count":13,"href":"https:\/\/staging.larkom.dk\/index.php\/wp-json\/wp\/v2\/pages\/78\/revisions"}],"predecessor-version":[{"id":421,"href":"https:\/\/staging.larkom.dk\/index.php\/wp-json\/wp\/v2\/pages\/78\/revisions\/421"}],"wp:attachment":[{"href":"https:\/\/staging.larkom.dk\/index.php\/wp-json\/wp\/v2\/media?parent=78"}],"curies":[{"name":"wp","href":"https:\/\/api.w.org\/{rel}","templated":true}]}}