{"id":617,"date":"2026-02-23T15:29:29","date_gmt":"2026-02-23T14:29:29","guid":{"rendered":"https:\/\/staging.larkom.dk\/?page_id=617"},"modified":"2026-02-23T15:31:36","modified_gmt":"2026-02-23T14:31:36","slug":"om-os","status":"publish","type":"page","link":"https:\/\/staging.larkom.dk\/index.php\/om-os\/","title":{"rendered":"Om os"},"content":{"rendered":"\t\t<div data-elementor-type=\"wp-page\" data-elementor-id=\"617\" class=\"elementor elementor-617\" data-elementor-post-type=\"page\">\n\t\t\t\t<div class=\"elementor-element elementor-element-2eb91eb e-flex e-con-boxed e-con e-parent\" data-id=\"2eb91eb\" data-element_type=\"container\" data-e-type=\"container\">\n\t\t\t\t\t<div class=\"e-con-inner\">\n\t\t\t\t<div class=\"elementor-element elementor-element-7ef97983 elementor-widget elementor-widget-heading\" data-id=\"7ef97983\" data-element_type=\"widget\" data-e-type=\"widget\" data-widget_type=\"heading.default\">\n\t\t\t\t\t<h2 class=\"elementor-heading-title elementor-size-default\">Derfor skal du v\u00e6lge Lars Knudsen<\/h2>\t\t\t\t<\/div>\n\t\t\t\t\t<\/div>\n\t\t\t\t<\/div>\n\t\t<div class=\"elementor-element elementor-element-15aec37 e-flex e-con-boxed e-con e-parent\" data-id=\"15aec37\" data-element_type=\"container\" data-e-type=\"container\">\n\t\t\t\t\t<div class=\"e-con-inner\">\n\t\t<div class=\"elementor-element elementor-element-615b343e e-grid e-con-full e-con e-child\" data-id=\"615b343e\" data-element_type=\"container\" data-e-type=\"container\">\n\t\t<div class=\"elementor-element elementor-element-489a3470 e-con-full e-flex e-con e-child\" data-id=\"489a3470\" data-element_type=\"container\" data-e-type=\"container\">\n\t\t\t\t<div class=\"elementor-element elementor-element-f9483e9 elementor-widget elementor-widget-text-editor\" data-id=\"f9483e9\" data-element_type=\"widget\" data-e-type=\"widget\" data-widget_type=\"text-editor.default\">\n\t\t\t\t\t\t\t\t\t<div class=\"column step-3-12\"><div id=\"site-container-2497\" class=\"Container ModuleElement Textarea AutoResizable con-92 \" data-snap=\"1\" data-containertype=\"Textarea\" data-moduleelement=\"1240\"><div class=\"Module-1240 Textarea\"><div class=\"column step-3-12\"><div id=\"site-container-2163\" class=\"Container ModuleElement Textarea AutoResizable con-92 \" data-snap=\"1\" data-containertype=\"Textarea\" data-moduleelement=\"1058\"><div class=\"Module-1058 Textarea\"><p>\u200b\u200bJeg har besk\u00e6ftiget mig med tr\u00e6er, buske og anl\u00e6g i 30 \u00e5r. Interessen kom fra min nabo i Fredensborg, Dansk Bambuskultur. Det var her, jeg startede mit netv\u00e6rk, som jeg siden har vedligeholdt og udviklet.<\/p><p><br \/>I 1987 startede jeg min egen planteskole p\u00e5 ti t\u00f8nder land med tr\u00e6er og buske. Efter 11 \u00e5r skiftede jeg over i anl\u00e6gsgartnerbranchen, hvor jeg udviklede virksomheden LK Gruppen.<br \/><br \/>Jeg kan <a href=\"https:\/\/larkom.dk\/stockholmjord-dk\/hvad-er-en-tree-broker.aspx\" target=\"_self\"><strong>som tree-broker drage fordel af det store netv\u00e6rk<\/strong><\/a>, som jeg har opbygget gennem de seneste 30 \u00e5r. Jeg kan henvise til gartnere, der kan plante st\u00f8rre tr\u00e6er, landskabsarkitekter, der har f\u00e6rdighederne til at lave et ordentligt design og formidle kontakten til andre relevante samarbejdspartnere.<\/p><\/div><\/div><\/div><\/div><\/div><\/div>\t\t\t\t\t\t\t\t<\/div>\n\t\t\t\t<div class=\"elementor-element elementor-element-25aaabe8 elementor-widget elementor-widget-image\" data-id=\"25aaabe8\" data-element_type=\"widget\" data-e-type=\"widget\" data-widget_type=\"image.default\">\n\t\t\t\t\t\t\t\t\t\t\t\t\t\t\t<img fetchpriority=\"high\" decoding=\"async\" width=\"800\" height=\"453\" src=\"https:\/\/staging.larkom.dk\/wp-content\/uploads\/2026\/02\/derfor-skal-2_323_254-1024x580.jpg\" class=\"attachment-large size-large wp-image-620\" alt=\"\" srcset=\"https:\/\/staging.larkom.dk\/wp-content\/uploads\/2026\/02\/derfor-skal-2_323_254-1024x580.jpg 1024w, https:\/\/staging.larkom.dk\/wp-content\/uploads\/2026\/02\/derfor-skal-2_323_254-300x170.jpg 300w, https:\/\/staging.larkom.dk\/wp-content\/uploads\/2026\/02\/derfor-skal-2_323_254-768x435.jpg 768w, https:\/\/staging.larkom.dk\/wp-content\/uploads\/2026\/02\/derfor-skal-2_323_254.jpg 1134w\" sizes=\"(max-width: 800px) 100vw, 800px\" \/>\t\t\t\t\t\t\t\t\t\t\t\t\t\t\t<\/div>\n\t\t\t\t<\/div>\n\t\t<div class=\"elementor-element elementor-element-3db64ccd e-con-full e-flex e-con e-child\" data-id=\"3db64ccd\" data-element_type=\"container\" data-e-type=\"container\">\n\t\t<div class=\"elementor-element elementor-element-6b8f1b25 e-con-full e-flex e-con e-child\" data-id=\"6b8f1b25\" data-element_type=\"container\" data-e-type=\"container\" data-settings=\"{&quot;background_background&quot;:&quot;classic&quot;}\">\n\t\t\t\t<div class=\"elementor-element elementor-element-7b15ee63 elementor-widget elementor-widget-heading\" data-id=\"7b15ee63\" data-element_type=\"widget\" data-e-type=\"widget\" data-widget_type=\"heading.default\">\n\t\t\t\t\t<h2 class=\"elementor-heading-title elementor-size-default\">HAR DU SP\u00d8RGSM\u00c5L?<\/h2>\t\t\t\t<\/div>\n\t\t\t\t<div class=\"elementor-element elementor-element-6ec6f879 elementor-widget elementor-widget-text-editor\" data-id=\"6ec6f879\" data-element_type=\"widget\" data-e-type=\"widget\" data-widget_type=\"text-editor.default\">\n\t\t\t\t\t\t\t\t\t<div class=\"column step-3-12\"><div id=\"site-container-2501\" class=\"Container ModuleElement Textarea con-97 \" data-snap=\"1\" data-containertype=\"Textarea\" data-moduleelement=\"1242\"><div class=\"Module-1242 Textarea\"><p class=\"custom26 custom32\">\u200b\u200bFandt du ikke information om det du s\u00f8gte p\u00e5 vores hjemmeside, eller \u00f8nsker du yderligere oplysninger, kan du udfylde kontaktformularen nedenunder.<\/p><p class=\"custom26 custom32\">Vi vil derefter tage kontakt til dig og bruge vores mange \u00e5rs erfaring til at hj\u00e6lpe dig videre.<\/p><\/div><\/div><\/div>\t\t\t\t\t\t\t\t<\/div>\n\t\t\t\t<div class=\"elementor-element elementor-element-5ccdf804 elementor-button-align-stretch elementor-widget elementor-widget-form\" data-id=\"5ccdf804\" data-element_type=\"widget\" data-e-type=\"widget\" data-settings=\"{&quot;step_next_label&quot;:&quot;Next&quot;,&quot;step_previous_label&quot;:&quot;Previous&quot;,&quot;button_width&quot;:&quot;100&quot;,&quot;step_type&quot;:&quot;number_text&quot;,&quot;step_icon_shape&quot;:&quot;circle&quot;}\" data-widget_type=\"form.default\">\n\t\t\t\t\t\t\t<form class=\"elementor-form\" method=\"post\" name=\"Tree-broker\">\n\t\t\t<input type=\"hidden\" name=\"post_id\" value=\"617\"\/>\n\t\t\t<input type=\"hidden\" name=\"form_id\" value=\"5ccdf804\"\/>\n\t\t\t<input type=\"hidden\" name=\"referer_title\" value=\"Om os\" \/>\n\n\t\t\t\t\t\t\t<input type=\"hidden\" name=\"queried_id\" value=\"617\"\/>\n\t\t\t\n\t\t\t<div class=\"elementor-form-fields-wrapper elementor-labels-\">\n\t\t\t\t\t\t\t\t<div class=\"elementor-field-type-text elementor-field-group elementor-column elementor-field-group-name elementor-col-100\">\n\t\t\t\t\t\t\t\t\t\t\t\t<label for=\"form-field-name\" class=\"elementor-field-label elementor-screen-only\">\n\t\t\t\t\t\t\t\tName\t\t\t\t\t\t\t<\/label>\n\t\t\t\t\t\t\t\t\t\t\t\t\t\t<input size=\"1\" type=\"text\" name=\"form_fields[name]\" id=\"form-field-name\" class=\"elementor-field elementor-size-xs  elementor-field-textual\" placeholder=\"Navn\">\n\t\t\t\t\t\t\t\t\t\t\t<\/div>\n\t\t\t\t\t\t\t\t<div class=\"elementor-field-type-tel elementor-field-group elementor-column elementor-field-group-email elementor-col-100 elementor-field-required\">\n\t\t\t\t\t\t\t\t\t\t\t\t<label for=\"form-field-email\" class=\"elementor-field-label elementor-screen-only\">\n\t\t\t\t\t\t\t\tTelefon\t\t\t\t\t\t\t<\/label>\n\t\t\t\t\t\t\t\t<input size=\"1\" type=\"tel\" name=\"form_fields[email]\" id=\"form-field-email\" class=\"elementor-field elementor-size-xs  elementor-field-textual\" placeholder=\"Telefon\" required=\"required\" pattern=\"[0-9()#&amp;+*-=.]+\" title=\"Kun tal og telefonkarakterer (#,-,*, o.s.v.) accepteres.\">\n\n\t\t\t\t\t\t<\/div>\n\t\t\t\t\t\t\t\t<div class=\"elementor-field-type-email elementor-field-group elementor-column elementor-field-group-field_fa95a6f elementor-col-100 elementor-field-required\">\n\t\t\t\t\t\t\t\t\t\t\t\t<label for=\"form-field-field_fa95a6f\" class=\"elementor-field-label elementor-screen-only\">\n\t\t\t\t\t\t\t\tEmail\t\t\t\t\t\t\t<\/label>\n\t\t\t\t\t\t\t\t\t\t\t\t\t\t<input size=\"1\" type=\"email\" name=\"form_fields[field_fa95a6f]\" id=\"form-field-field_fa95a6f\" class=\"elementor-field elementor-size-xs  elementor-field-textual\" placeholder=\"E-mail\" required=\"required\">\n\t\t\t\t\t\t\t\t\t\t\t<\/div>\n\t\t\t\t\t\t\t\t<div class=\"elementor-field-type-text\">\n\t\t\t\t\t<input size=\"1\" type=\"text\" name=\"form_fields[field_73d1949]\" id=\"form-field-field_73d1949\" class=\"elementor-field elementor-size-xs \" style=\"display:none !important;\">\t\t\t\t<\/div>\n\t\t\t\t\t\t\t\t<div class=\"elementor-field-type-textarea elementor-field-group elementor-column elementor-field-group-message elementor-col-100\">\n\t\t\t\t\t\t\t\t\t\t\t\t<label for=\"form-field-message\" class=\"elementor-field-label elementor-screen-only\">\n\t\t\t\t\t\t\t\tMessage\t\t\t\t\t\t\t<\/label>\n\t\t\t\t\t\t<textarea class=\"elementor-field-textual elementor-field  elementor-size-xs\" name=\"form_fields[message]\" id=\"form-field-message\" rows=\"4\" placeholder=\"Besked\"><\/textarea>\t\t\t\t<\/div>\n\t\t\t\t\t\t\t\t<div class=\"elementor-field-group elementor-column elementor-field-type-submit elementor-col-100 e-form__buttons\">\n\t\t\t\t\t<button class=\"elementor-button elementor-size-sm\" type=\"submit\">\n\t\t\t\t\t\t<span class=\"elementor-button-content-wrapper\">\n\t\t\t\t\t\t\t\t\t\t\t\t\t\t\t\t\t\t\t\t\t\t<span class=\"elementor-button-text\">Send besked<\/span>\n\t\t\t\t\t\t\t\t\t\t\t\t\t<\/span>\n\t\t\t\t\t<\/button>\n\t\t\t\t<\/div>\n\t\t\t<\/div>\n\t\t<\/form>\n\t\t\t\t\t\t<\/div>\n\t\t\t\t<\/div>\n\t\t\t\t<\/div>\n\t\t\t\t<\/div>\n\t\t\t\t\t<\/div>\n\t\t\t\t<\/div>\n\t\t\t\t<\/div>\n\t\t","protected":false},"excerpt":{"rendered":"<p>Derfor skal du v\u00e6lge Lars Knudsen \u200b\u200bJeg har besk\u00e6ftiget mig med tr\u00e6er, buske og anl\u00e6g i 30 \u00e5r. Interessen kom fra min nabo i Fredensborg, Dansk Bambuskultur. Det var her, jeg startede mit netv\u00e6rk, som jeg siden har vedligeholdt og udviklet. I 1987 startede jeg min egen planteskole p\u00e5 ti t\u00f8nder land med tr\u00e6er og [&hellip;]<\/p>\n","protected":false},"author":2,"featured_media":0,"parent":0,"menu_order":0,"comment_status":"closed","ping_status":"closed","template":"elementor_header_footer","meta":{"footnotes":""},"class_list":["post-617","page","type-page","status-publish","hentry"],"_links":{"self":[{"href":"https:\/\/staging.larkom.dk\/index.php\/wp-json\/wp\/v2\/pages\/617","targetHints":{"allow":["GET"]}}],"collection":[{"href":"https:\/\/staging.larkom.dk\/index.php\/wp-json\/wp\/v2\/pages"}],"about":[{"href":"https:\/\/staging.larkom.dk\/index.php\/wp-json\/wp\/v2\/types\/page"}],"author":[{"embeddable":true,"href":"https:\/\/staging.larkom.dk\/index.php\/wp-json\/wp\/v2\/users\/2"}],"replies":[{"embeddable":true,"href":"https:\/\/staging.larkom.dk\/index.php\/wp-json\/wp\/v2\/comments?post=617"}],"version-history":[{"count":4,"href":"https:\/\/staging.larkom.dk\/index.php\/wp-json\/wp\/v2\/pages\/617\/revisions"}],"predecessor-version":[{"id":623,"href":"https:\/\/staging.larkom.dk\/index.php\/wp-json\/wp\/v2\/pages\/617\/revisions\/623"}],"wp:attachment":[{"href":"https:\/\/staging.larkom.dk\/index.php\/wp-json\/wp\/v2\/media?parent=617"}],"curies":[{"name":"wp","href":"https:\/\/api.w.org\/{rel}","templated":true}]}}